{"id":20,"date":"2013-05-23T18:45:20","date_gmt":"2013-05-23T16:45:20","guid":{"rendered":"http:\/\/www.emporium.bz.it\/de\/?page_id=20"},"modified":"2025-08-26T12:51:56","modified_gmt":"2025-08-26T10:51:56","slug":"warum-mitglied-werden","status":"publish","type":"page","link":"https:\/\/www.emporium.bz.it\/de\/warum-mitglied-werden\/","title":{"rendered":"Mitglied \/ Kunde werden"},"content":{"rendered":"<p style=\"text-align: justify\"><strong>Mitglied bei Emporium werden &#8211; als Struktur \u00f6ffentlichen Rechts<br \/>\n<\/strong><em><strong>so funktioniert&#8217;s:<\/strong><\/em><\/p>\n<p><span style=\"text-align: justify\">F\u00fcllen Sie das Antragsformular inkl. Bestimmungen betreffend Privacy <\/span><span style=\"text-align: justify\">aus und senden Sie dieses unterschrieben inkl. aller Anlagen per PEC an <\/span><a style=\"text-align: justify\" href=\"emporium@pec.safog.com\">emporium@pec.safog.com<\/a><span style=\"text-align: justify\">.<\/span><\/p>\n<p><span style=\"text-align: justify\">Dokumente:<\/span><\/p>\n<ul>\n<li>Antragsformular f\u00fcr Organisationen <strong>\u00f6ffentlichen<\/strong> Rechts: <a href=\"https:\/\/www.emporium.bz.it\/de\/wp-content\/uploads\/sites\/2\/2025\/08\/antrag-mitgliedschaft-de.docx\" target=\"_blank\" rel=\"noopener\">Word Dokument<\/a> <span style=\"text-align: justify\">\u00a0<\/span><\/li>\n<li><span style=\"text-align: justify\">Datenschutzbestimmungen (Privacy): <a href=\"https:\/\/www.emporium.bz.it\/de\/wp-content\/uploads\/sites\/2\/2025\/05\/3-emporium-informativa-clientisoci.pdf\" target=\"_blank\" rel=\"noopener\">PDF Dokument<\/a><\/span><\/li>\n<\/ul>\n<p><strong>Kunde bei Emporium werden &#8211; als Struktur privaten Rechts<br \/>\n<\/strong><em id=\"__mceDel\"><strong>so funktioniert&#8217;s:<\/strong><\/em><\/p>\n<p>F\u00fcllen Sie das Antragsformular zur Datenerhebung inkl. Bestimmungen betreffend Privacy aus und senden Sie dieses unterschrieben inkl. aller Anlagen per PEC an <a href=\"emporium@pec.safog.com\">emporium@pec.safog.com<\/a>.<\/p>\n<p>Dokumente:<\/p>\n<ul>\n<li>Antagsformular f\u00fcr Organisationen <strong>privaten<\/strong> Rechts: <a href=\"https:\/\/www.emporium.bz.it\/de\/wp-content\/uploads\/sites\/2\/2025\/08\/formular-kunden_de.docx\" target=\"_blank\" rel=\"noopener\">Word Dokument<\/a><\/li>\n<li><span style=\"text-align: justify\">Datenschutzbestimmungen (Privacy): <a href=\"https:\/\/www.emporium.bz.it\/de\/wp-content\/uploads\/sites\/2\/2025\/05\/3-emporium-informativa-clientisoci.pdf\" target=\"_blank\" rel=\"noopener\">PDF Dokument<\/a><\/span><\/li>\n<\/ul>\n<hr \/>\n<p style=\"text-align: justify\">Ihr Antrag wird bei der n\u00e4chsten Sitzung des Verwaltungsrats behandelt. Anschlie\u00dfend werden wir Sie so schnell wie m\u00f6glich \u00fcber den weiteren Verlauf informieren.<\/p>\n<p style=\"text-align: justify\">Wir bedanken uns f\u00fcr Ihr Vertrauen und hoffen auf eine gute Zusammenarbeit!<\/p>\n<hr \/>\n<p style=\"text-align: justify\">letzte Aktualisierung: 26.08.2025<\/p>\n","protected":false},"excerpt":{"rendered":"<p>Mitglied bei Emporium werden &#8211; als Struktur \u00f6ffentlichen Rechts so funktioniert&#8217;s: F\u00fcllen Sie das Antragsformular inkl. Bestimmungen betreffend Privacy aus und senden Sie dieses unterschrieben inkl. aller Anlagen per PEC an emporium@pec.safog.com. Dokumente: Antragsformular f\u00fcr Organisationen \u00f6ffentlichen Rechts: Word Dokument \u00a0 Datenschutzbestimmungen (Privacy): PDF Dokument Kunde bei Emporium werden &#8211; als Struktur privaten Rechts so &hellip; <a href=\"https:\/\/www.emporium.bz.it\/de\/warum-mitglied-werden\/\" class=\"continue\">Weiterlesen<\/a><\/p>\n","protected":false},"author":1,"featured_media":0,"parent":0,"menu_order":4,"comment_status":"closed","ping_status":"closed","template":"","meta":[],"_links":{"self":[{"href":"https:\/\/www.emporium.bz.it\/de\/wp-json\/wp\/v2\/pages\/20"}],"collection":[{"href":"https:\/\/www.emporium.bz.it\/de\/wp-json\/wp\/v2\/pages"}],"about":[{"href":"https:\/\/www.emporium.bz.it\/de\/wp-json\/wp\/v2\/types\/page"}],"author":[{"embeddable":true,"href":"https:\/\/www.emporium.bz.it\/de\/wp-json\/wp\/v2\/users\/1"}],"replies":[{"embeddable":true,"href":"https:\/\/www.emporium.bz.it\/de\/wp-json\/wp\/v2\/comments?post=20"}],"version-history":[{"count":2,"href":"https:\/\/www.emporium.bz.it\/de\/wp-json\/wp\/v2\/pages\/20\/revisions"}],"predecessor-version":[{"id":1182,"href":"https:\/\/www.emporium.bz.it\/de\/wp-json\/wp\/v2\/pages\/20\/revisions\/1182"}],"wp:attachment":[{"href":"https:\/\/www.emporium.bz.it\/de\/wp-json\/wp\/v2\/media?parent=20"}],"curies":[{"name":"wp","href":"https:\/\/api.w.org\/{rel}","templated":true}]}}