{"id":40,"date":"2013-05-27T17:06:47","date_gmt":"2013-05-27T15:06:47","guid":{"rendered":"http:\/\/www.emporium.bz.it\/de\/?page_id=40"},"modified":"2026-04-02T08:53:50","modified_gmt":"2026-04-02T06:53:50","slug":"home","status":"publish","type":"page","link":"https:\/\/www.emporium.bz.it\/de\/","title":{"rendered":"Home"},"content":{"rendered":"<p class=\"MsoNormal\" style=\"margin-bottom: 14.4pt;text-align: justify\"><!-- [if gte mso 9]&gt;--><\/p>\n<p><!-- [if gte mso 10]&gt;--><\/p>\n<p><!-- [if gte mso 9]&gt;--><\/p>\n<h2 style=\"text-align: center\"><span style=\"color: #99cc00\"><strong>&#8222;Save the Date&#8220;<\/strong><\/span><\/h2>\n<h2 style=\"text-align: center\">Hauptversammlung der Mitglieder und Kunden<\/h2>\n<h3 style=\"text-align: center\"><strong>29.04.2026 &#8211; um 09:00 Uhr<\/strong><\/h3>\n<h3 style=\"text-align: center\"><strong>Besprechungsraum Mila<\/strong><\/h3>\n<h4 style=\"text-align: center\">Innsbrucker Str. 41, 39100 Bozen (IT)<\/h4>\n<hr \/>\n<h2 style=\"text-align: center\"><span style=\"color: #99cc00\">PRAXISLEITFADEN\u00a0<\/span><\/h2>\n<h2 style=\"text-align: center\">f\u00fcr eine lokale und nachhaltige Gemeinschaftsverpflegung in S\u00fcdtirol<\/h2>\n<p style=\"text-align: center\">einfach erhalten unter: <a href=\"https:\/\/forms.office.com\/e\/rR256v94VL\" target=\"_blank\" rel=\"noopener\">Link<\/a><\/p>\n<p style=\"text-align: center\">August.2025<\/p>\n<hr \/>\n<p style=\"text-align: center\">\n<p style=\"text-align: center\">\n<h2 style=\"text-align: center\"><span style=\"color: #99cc00\"><strong>BESSERE \u00dcBERSICHT &#8211; <\/strong><strong>MEHR INDIVIDUALIT\u00c4T &#8211; <\/strong><\/span><\/h2>\n<h2 style=\"text-align: center\"><span style=\"color: #99cc00\"><strong>GEZIELTERER EINKAUF<\/strong><\/span><\/h2>\n<p><span style=\"color: #4d7d11\"><strong>\u00a0<\/strong><\/span><\/p>\n<h2 style=\"text-align: center\"><strong>Emporium-Online-Shop:<\/strong><\/h2>\n<h3 style=\"text-align: center\">schneller, unb\u00fcrokratischer Einkauf &#8211; alle Artikel ausgeschrieben \u2013<br \/>\nKommunikation Ihrer zus\u00e4tzlichen Wunschartikel<\/h3>\n<p style=\"text-align: center\"><em>Zugang Shop: erg\u00e4nzen Sie die URL (emporium.bz.it) vorne mit \u201eshop.\u201c<br \/>\nAnforderung Zugangsdaten: per mail an <a href=\"mailto:info@emporium.bz.it\">info@emporium.bz.it<\/a> oder<br \/>\ntelefonisch unter 0471 196 5606<\/em><\/p>\n<hr \/>\n<h2 style=\"text-align: center\"><strong>MyEmporium <\/strong>&#8211;<strong> Ihr pers\u00f6nlicher Mitgliederbereich:<\/strong><\/h2>\n<h3 style=\"text-align: center\">Monatsrechnungen in pdf-Format, Rechnungskopien (z.B. Strom),<br \/>\nstatistische Daten, uvm.<\/h3>\n<p style=\"text-align: center\"><em>Zugang MyEmporium: erg\u00e4nzen Sie die URL (emporium.bz.it)<br \/>\nhinten mit \u201e\/myemporium\u201c<br \/>\nZugangsdaten vergessen? Senden Sie ein mail an <a href=\"mailto:info@emporium.bz.it\">info@emporium.bz.it<\/a><br \/>\n<\/em><\/p>\n<p style=\"text-align: center\">\n<h2 style=\"text-align: center\"><a href=\"https:\/\/www.emporium.bz.it\/de\/wp-content\/uploads\/sites\/2\/2022\/01\/2020-unser-gesamtangebot-im-uberblick.pdf\"><span style=\"color: #99cc00\">UNSER GESAMTANGEBOT IM \u00dcBERBLICK<\/span><\/a><\/h2>\n<p><!-- [if gte mso 9]&gt;--><\/p>\n","protected":false},"excerpt":{"rendered":"<p>&#8222;Save the Date&#8220; Hauptversammlung der Mitglieder und Kunden 29.04.2026 &#8211; um 09:00 Uhr Besprechungsraum Mila Innsbrucker Str. 41, 39100 Bozen (IT) PRAXISLEITFADEN\u00a0 f\u00fcr eine lokale und nachhaltige Gemeinschaftsverpflegung in S\u00fcdtirol einfach erhalten unter: Link August.2025 BESSERE \u00dcBERSICHT &#8211; MEHR INDIVIDUALIT\u00c4T &#8211; GEZIELTERER EINKAUF \u00a0 Emporium-Online-Shop: schneller, unb\u00fcrokratischer Einkauf &#8211; alle Artikel ausgeschrieben \u2013 Kommunikation Ihrer &hellip; <a href=\"https:\/\/www.emporium.bz.it\/de\/\" class=\"continue\">Weiterlesen<\/a><\/p>\n","protected":false},"author":1,"featured_media":0,"parent":0,"menu_order":1,"comment_status":"closed","ping_status":"closed","template":"","meta":[],"_links":{"self":[{"href":"https:\/\/www.emporium.bz.it\/de\/wp-json\/wp\/v2\/pages\/40"}],"collection":[{"href":"https:\/\/www.emporium.bz.it\/de\/wp-json\/wp\/v2\/pages"}],"about":[{"href":"https:\/\/www.emporium.bz.it\/de\/wp-json\/wp\/v2\/types\/page"}],"author":[{"embeddable":true,"href":"https:\/\/www.emporium.bz.it\/de\/wp-json\/wp\/v2\/users\/1"}],"replies":[{"embeddable":true,"href":"https:\/\/www.emporium.bz.it\/de\/wp-json\/wp\/v2\/comments?post=40"}],"version-history":[{"count":27,"href":"https:\/\/www.emporium.bz.it\/de\/wp-json\/wp\/v2\/pages\/40\/revisions"}],"predecessor-version":[{"id":1203,"href":"https:\/\/www.emporium.bz.it\/de\/wp-json\/wp\/v2\/pages\/40\/revisions\/1203"}],"wp:attachment":[{"href":"https:\/\/www.emporium.bz.it\/de\/wp-json\/wp\/v2\/media?parent=40"}],"curies":[{"name":"wp","href":"https:\/\/api.w.org\/{rel}","templated":true}]}}