{"id":504,"date":"2017-03-06T14:59:07","date_gmt":"2017-03-06T12:59:07","guid":{"rendered":"http:\/\/www.emporium.bz.it\/de\/?page_id=504"},"modified":"2021-10-18T16:14:38","modified_gmt":"2021-10-18T14:14:38","slug":"transparente-verwaltung","status":"publish","type":"page","link":"https:\/\/www.emporium.bz.it\/de\/transparente-verwaltung\/","title":{"rendered":"Transparente Verwaltung"},"content":{"rendered":"<p>Gem\u00e4\u00df Gesetzesdekret Nr. 33 vom 14. M\u00e4rz 2013 sind amtliche Ver\u00f6ffentlichungen auf den institutionellen Webseiten so zu platzieren, dass sie f\u00fcr alle Interessierten zug\u00e4nglich sind.<\/p>\n<p>F\u00fcr Informationen zur\u00a0Transparenten Verwaltung\u00a0verweisen wir Sie auf die italienische Version der Internetseite.<\/p>\n<p><a href=\"https:\/\/www.emporium.bz.it\/it\/amministrazione-trasparente\/\" target=\"_blank\" rel=\"noopener\">Amministrazione trasparente<\/a><\/p>\n","protected":false},"excerpt":{"rendered":"<p>Gem\u00e4\u00df Gesetzesdekret Nr. 33 vom 14. M\u00e4rz 2013 sind amtliche Ver\u00f6ffentlichungen auf den institutionellen Webseiten so zu platzieren, dass sie f\u00fcr alle Interessierten zug\u00e4nglich sind. F\u00fcr Informationen zur\u00a0Transparenten Verwaltung\u00a0verweisen wir Sie auf die italienische Version der Internetseite. Amministrazione trasparente<\/p>\n","protected":false},"author":2,"featured_media":0,"parent":0,"menu_order":0,"comment_status":"closed","ping_status":"open","template":"","meta":[],"_links":{"self":[{"href":"https:\/\/www.emporium.bz.it\/de\/wp-json\/wp\/v2\/pages\/504"}],"collection":[{"href":"https:\/\/www.emporium.bz.it\/de\/wp-json\/wp\/v2\/pages"}],"about":[{"href":"https:\/\/www.emporium.bz.it\/de\/wp-json\/wp\/v2\/types\/page"}],"author":[{"embeddable":true,"href":"https:\/\/www.emporium.bz.it\/de\/wp-json\/wp\/v2\/users\/2"}],"replies":[{"embeddable":true,"href":"https:\/\/www.emporium.bz.it\/de\/wp-json\/wp\/v2\/comments?post=504"}],"version-history":[{"count":0,"href":"https:\/\/www.emporium.bz.it\/de\/wp-json\/wp\/v2\/pages\/504\/revisions"}],"wp:attachment":[{"href":"https:\/\/www.emporium.bz.it\/de\/wp-json\/wp\/v2\/media?parent=504"}],"curies":[{"name":"wp","href":"https:\/\/api.w.org\/{rel}","templated":true}]}}