{"id":895,"date":"2022-03-03T12:37:13","date_gmt":"2022-03-03T10:37:13","guid":{"rendered":"https:\/\/www.emporium.bz.it\/de\/?page_id=895"},"modified":"2022-03-15T17:34:13","modified_gmt":"2022-03-15T15:34:13","slug":"praxisleitfaden","status":"publish","type":"page","link":"https:\/\/www.emporium.bz.it\/de\/praxisleitfaden\/","title":{"rendered":"Praxisleitfaden Gemeinschaftsverpflegung"},"content":{"rendered":"<h1><span style=\"color: #99cc00\">PRAXISLEITFADEN<\/span><\/h1>\n<h1>F\u00dcR EINE LOKALE UND NACHHALTIGE GEMEINSCHAFTSVERPFLEGUNG IN S\u00dcDTIROL<\/h1>\n<p>&nbsp;<\/p>\n<p>Der Praxisleitfaden richtet sich an\u00a0<strong>alle Interessierten<\/strong>\u00a0und kann in dem daf\u00fcr vorgesehen Download-Bereich von Emporium heruntergeladen werden.<\/p>\n<p>Bitte f\u00fchren Sie zun\u00e4chst die Registrierung mit einer g\u00fcltigen E-Mail-Adresse durch und \u00fcberpr\u00fcfen Sie gegebenenfalls Ihren Spam oder Junk-Mail-Ordner.<\/p>\n<p>Nach Hinterlegung der E-Mail-Adresse, auf welcher Sie alle Informationen und Updates zum Leitfaden erhalten, kann auf den Leitfaden zugegriffen werden.<\/p>\n<h3 style=\"text-align: center\"><a href=\"https:\/\/www.emporium.bz.it\/de\/downloads\">Download Praxisleitfaden<\/a><\/h3>\n<p><!--more--><\/p>\n<hr \/>\n<p>&nbsp;<\/p>\n<h3>Beschreibung \u2013 Registrierung Download Praxisleitfaden<\/h3>\n<ol>\n<li>Klicken Sie auf \u201eRegistrieren\u201c unterhalb der Login-Daten<\/li>\n<li>Geben Sie eine Benutzername und eine <u>g\u00fcltige<\/u> E-Mail-Adresse an (\u2192Geben Sie ausschlie\u00dflich <strong><u>Kleinbuchstaben<\/u><\/strong> f\u00fcr den <strong>Benutzernamen<\/strong> ein)<\/li>\n<li>\u00dcberpr\u00fcfen Sie den Posteingang der angegebenen E-Mail-Adresse (\u2192\u00dcberpr\u00fcfen Sie eventuell Ihren Spam- oder Junk-Mail-Ordner)<\/li>\n<li>Klicken Sie in der E-Mail auf den Registrierungs-Link<\/li>\n<li>Legen Sie ein Passwort fest<\/li>\n<li>\u00a0Klicken Sie auf den gr\u00fcnen Knopf, um die Registrierung abzuschlie\u00dfen (\u2192Die Registrierung war erfolgreich)<\/li>\n<li>Klicken Sie auf \u201eLogin\u201c<\/li>\n<li>F\u00fchren Sie den Login mit Ihren Daten durch (\u2192Die Anmeldung war erfolgreich)<\/li>\n<\/ol>\n<p><a href=\"https:\/\/www.emporium.bz.it\/de\/wp-content\/uploads\/sites\/2\/2022\/03\/beschreibung-download-de-1.pdf\" target=\"_blank\" rel=\"noopener\">Beschreibung mit Bildausschnitten<\/a><\/p>\n<hr \/>\n<p>Bei Fragen k\u00f6nnen Sie sich gerne melden:\u00a0<a href=\"https:\/\/www.emporium.bz.it\/de\/kontakt\/\">Kontakt Emporium<\/a><\/p>\n<hr \/>\n<p>aktueller Stand: 15\/03\/2022<\/p>\n<p>&nbsp;<\/p>\n","protected":false},"excerpt":{"rendered":"<p>PRAXISLEITFADEN F\u00dcR EINE LOKALE UND NACHHALTIGE GEMEINSCHAFTSVERPFLEGUNG IN S\u00dcDTIROL &nbsp; Der Praxisleitfaden richtet sich an\u00a0alle Interessierten\u00a0und kann in dem daf\u00fcr vorgesehen Download-Bereich von Emporium heruntergeladen werden. Bitte f\u00fchren Sie zun\u00e4chst die Registrierung mit einer g\u00fcltigen E-Mail-Adresse durch und \u00fcberpr\u00fcfen Sie gegebenenfalls Ihren Spam oder Junk-Mail-Ordner. Nach Hinterlegung der E-Mail-Adresse, auf welcher Sie alle Informationen und &hellip; <a href=\"https:\/\/www.emporium.bz.it\/de\/praxisleitfaden\/\" class=\"continue\">Weiterlesen<\/a><\/p>\n","protected":false},"author":2,"featured_media":0,"parent":0,"menu_order":0,"comment_status":"closed","ping_status":"closed","template":"","meta":[],"_links":{"self":[{"href":"https:\/\/www.emporium.bz.it\/de\/wp-json\/wp\/v2\/pages\/895"}],"collection":[{"href":"https:\/\/www.emporium.bz.it\/de\/wp-json\/wp\/v2\/pages"}],"about":[{"href":"https:\/\/www.emporium.bz.it\/de\/wp-json\/wp\/v2\/types\/page"}],"author":[{"embeddable":true,"href":"https:\/\/www.emporium.bz.it\/de\/wp-json\/wp\/v2\/users\/2"}],"replies":[{"embeddable":true,"href":"https:\/\/www.emporium.bz.it\/de\/wp-json\/wp\/v2\/comments?post=895"}],"version-history":[{"count":0,"href":"https:\/\/www.emporium.bz.it\/de\/wp-json\/wp\/v2\/pages\/895\/revisions"}],"wp:attachment":[{"href":"https:\/\/www.emporium.bz.it\/de\/wp-json\/wp\/v2\/media?parent=895"}],"curies":[{"name":"wp","href":"https:\/\/api.w.org\/{rel}","templated":true}]}}