{"id":19,"date":"2013-06-28T15:19:48","date_gmt":"2013-06-28T13:19:48","guid":{"rendered":"http:\/\/www.emporium.bz.it\/it\/?page_id=19"},"modified":"2026-04-02T08:53:01","modified_gmt":"2026-04-02T06:53:01","slug":"home","status":"publish","type":"page","link":"https:\/\/www.emporium.bz.it\/it\/","title":{"rendered":"Home"},"content":{"rendered":"<h2 style=\"text-align: center\"><span style=\"color: #99cc00\"><strong>&#8220;Save the Date&#8221;<\/strong><\/span><\/h2>\n<h2 style=\"text-align: center\">Assemblea generale di Soci e Clienti<\/h2>\n<h3 style=\"text-align: center\"><strong>29.04.2026 ore 09:00<\/strong><\/h3>\n<h3 style=\"text-align: center\"><strong>Sala riunioni Mila<\/strong><\/h3>\n<h4 style=\"text-align: center\">Via Innsbruck 41, 39100 Bolzano (IT)<\/h4>\n<hr \/>\n<h2 style=\"text-align: center\"><span style=\"color: #99cc00\"><strong>GUIDA PRATICA<\/strong><\/span><\/h2>\n<h2 style=\"text-align: center\">per una ristorazione colletiva sostenibile e locale in Alto Adige<\/h2>\n<p style=\"text-align: center\">Facilmente accessibile al seguente\u00a0<a href=\"https:\/\/forms.office.com\/e\/rR256v94VL\" target=\"_blank\" rel=\"noopener\">Link<\/a><\/p>\n<p style=\"text-align: center\">agosto.2025<\/p>\n<hr \/>\n<h2 style=\"text-align: center\"><\/h2>\n<h2 style=\"text-align: center\"><span style=\"color: #99cc00\"><strong>MIGLIORE VISUALIZZAZIONE &#8211; PI\u00d9 INDIVIDUALIT\u00c0<\/strong><strong> &#8211; <\/strong><\/span><\/h2>\n<h2 style=\"text-align: center\"><span style=\"color: #800080\"><strong><span style=\"color: #99cc00\">ACQUISTI PI\u00d9 SPECIFICI<\/span><br \/>\n<\/strong><\/span><\/h2>\n<p><strong>\u00a0<\/strong><\/p>\n<h2 style=\"text-align: center\"><strong>Emporium-Shop-Online:<\/strong><\/h2>\n<h3 style=\"text-align: center\"><strong>acquisti veloci e senza burocrazia &#8211; procedura di gara svolta per <\/strong><br \/>\n<strong>tutti gli articoli elencati &#8211; possibilit\u00e0 di richiedere l&#8217;aggiunta di ulteriori articoli<br \/>\n<\/strong><\/h3>\n<p style=\"text-align: center\"><em>accesso allo Shop: aggiungere davanti all&#8217;URL (emporium.bz.it) \u201eshop.\u201c<br \/>\nrichiesta dati d&#8217;accesso: per mail ad <a href=\"mailto:info@emporium.bz.it\">info@emporium.bz.it<\/a><br \/>\no telefonando al numero 0471 196 5606<\/em><\/p>\n<hr \/>\n<h2 style=\"text-align: center\"><strong>MyEmporium <\/strong>&#8211;<strong> la Sua area personale in qualit\u00e0 di socio:<\/strong><\/h2>\n<h3 style=\"text-align: center\"><strong>\u00a0 fatture mensili in formato pdf, copie delle fatture (p.e. elettricit\u00e0), dati statistici, ecc.:<\/strong><\/h3>\n<p style=\"text-align: center\"><em>accesso MyEmporium: aggiungere dietro all&#8217;URL (emporium.bz.it) \u201e\/myemporium\u201c<br \/>\ndimenticato i dati d&#8217;accesso? pu\u00f2 mandare una mail ad <a href=\"mailto:info@emporium.bz.it\">info@emporium.bz.it<\/a><br \/>\n<\/em><\/p>\n<p style=\"text-align: justify\"><!-- [if gte mso 9]&gt;--><\/p>\n<p style=\"text-align: center\">\n<hr \/>\n<h2 class=\"MsoNormal\" style=\"text-align: center\"><a href=\"https:\/\/www.emporium.bz.it\/it\/wp-content\/uploads\/sites\/3\/2020\/03\/2020-La-nostra-offerta-completa.pdf\">LA NOSTRA OFFERTA COMPLETA<\/a><\/h2>\n","protected":false},"excerpt":{"rendered":"<p>&#8220;Save the Date&#8221; Assemblea generale di Soci e Clienti 29.04.2026 ore 09:00 Sala riunioni Mila Via Innsbruck 41, 39100 Bolzano (IT) GUIDA PRATICA per una ristorazione colletiva sostenibile e locale in Alto Adige Facilmente accessibile al seguente\u00a0Link agosto.2025 MIGLIORE VISUALIZZAZIONE &#8211; PI\u00d9 INDIVIDUALIT\u00c0 &#8211; ACQUISTI PI\u00d9 SPECIFICI \u00a0 Emporium-Shop-Online: acquisti veloci e senza burocrazia &#8211; &hellip; <a href=\"https:\/\/www.emporium.bz.it\/it\/\" class=\"continue\">Continua a leggere<\/a><\/p>\n","protected":false},"author":1,"featured_media":0,"parent":0,"menu_order":1,"comment_status":"closed","ping_status":"closed","template":"","meta":[],"_links":{"self":[{"href":"https:\/\/www.emporium.bz.it\/it\/wp-json\/wp\/v2\/pages\/19"}],"collection":[{"href":"https:\/\/www.emporium.bz.it\/it\/wp-json\/wp\/v2\/pages"}],"about":[{"href":"https:\/\/www.emporium.bz.it\/it\/wp-json\/wp\/v2\/types\/page"}],"author":[{"embeddable":true,"href":"https:\/\/www.emporium.bz.it\/it\/wp-json\/wp\/v2\/users\/1"}],"replies":[{"embeddable":true,"href":"https:\/\/www.emporium.bz.it\/it\/wp-json\/wp\/v2\/comments?post=19"}],"version-history":[{"count":28,"href":"https:\/\/www.emporium.bz.it\/it\/wp-json\/wp\/v2\/pages\/19\/revisions"}],"predecessor-version":[{"id":3734,"href":"https:\/\/www.emporium.bz.it\/it\/wp-json\/wp\/v2\/pages\/19\/revisions\/3734"}],"wp:attachment":[{"href":"https:\/\/www.emporium.bz.it\/it\/wp-json\/wp\/v2\/media?parent=19"}],"curies":[{"name":"wp","href":"https:\/\/api.w.org\/{rel}","templated":true}]}}