{"id":3466,"date":"2025-05-14T14:55:13","date_gmt":"2025-05-14T12:55:13","guid":{"rendered":"https:\/\/www.emporium.bz.it\/it\/?page_id=3466"},"modified":"2025-05-28T15:30:04","modified_gmt":"2025-05-28T13:30:04","slug":"privacy","status":"publish","type":"page","link":"https:\/\/www.emporium.bz.it\/it\/privacy\/","title":{"rendered":"PRIVACY"},"content":{"rendered":"<h3><strong>lnformativa ai sensi degli artt. 12, 13 e 14 del Regolamento UE 2016\/679<\/strong><\/h3>\n<p>Ai sensi e per gli effetti del Regolamento in oggetto, dettato in materia di \u201cprotezione delle persone fisiche con riguardo al trattamento dei dati personali&#8221;, Emporium Societ\u00e0 Cooperativa, in qualit\u00e0 di titolare del trattamento (di seguito \u201cSociet\u00e0\u201d o \u201cTitolare\u201d), \u00e8 tenuto a fornire alcune informazioni riguardanti eventuali dati personali, di persone fisiche, raccolti presso gli interessati.<\/p>\n<p>I dati in possesso del Titolare sono normalmente raccolti direttamente presso gli Interessati e occasionalmente anche presso terzi.<\/p>\n<p>Nel caso in cui i dati personali dell\u2019interessato non siano raccolti direttamente presso lo stesso, il Titolare, ai sensi dell\u2019art 14, lettera g) del Regolamento, informa che non sono posti in essere processi decisionali automatizzati, compresa la profilazione di cui all\u2019art. 22, paragrafi 1 e 4.<\/p>\n<p>\u00a0<\/p>\n<h4><strong>Finalit\u00e0 del trattamento dei dati<\/strong><\/h4>\n<p>I dati sono trattati nell\u2019ambito della normale attivit\u00e0 del Titolare, con le seguenti finalit\u00e0:<\/p>\n<p>1) finalit\u00e0 strettamente connesse alla raccolta di dati via Web, alla gestione delle richieste di contatti ed alla gestione del modulo di adesione per i soci;<\/p>\n<p>2) finalit\u00e0 connesse ad obblighi previsti da disposizioni di leggi o regolamenti nazionali o sovranazionali, nonch\u00e9 da provvedimenti di enti o autorit\u00e0, nazionali o sovranazionali.<\/p>\n<p>3) finalit\u00e0 di invio di newsletter e\/o materiale pubblicitario.<\/p>\n<p>\u00a0<\/p>\n<h4><strong>Modalit\u00e0 e liceit\u00e0 del trattamento<\/strong><\/h4>\n<p>I dati vengono trattati con sistemi informatici e\/o manuali attraverso procedure adeguate a garantire la sicurezza e la riservatezza e la disponibilit\u00e0 degli stessi.<\/p>\n<p>Il conferimento dei dati per le finalit\u00e0 di cui al ai punto 1) \u00e8 facoltativo; tuttavia un rifiuto in merito comporterebbe di fatto l\u2019impossibilit\u00e0 di gestire i rapporti pre-contrattuali e\/o contrattuali in essere.<\/p>\n<p>Il conferimento dei dati per le finalit\u00e0 di cui al punto 2) \u00e8 obbligatorio in quanto necessario all\u2019adempimento di obblighi normativi.<\/p>\n<p>Il conferimento dei dati di cui al punto 3) \u00e8 facoltativo. Il mancato conferimento non avr\u00e0 conseguenze sui rapporti pre-contrattuali e\/o contrattuali in essere.<\/p>\n<p>Per il trattamento dei dati di cui al punto 3) \u00e8 richiesto il suo consenso. Il consenso potr\u00e0 essere revocato in qualsiasi momento.<\/p>\n<p>Il trattamento dei suoi dati personali \u00e8 lecito ai sensi dell\u2019art. 6, lettere a), b), ed f) del Regolamento UE 679\/2016.<\/p>\n<p>\u00a0<\/p>\n<h4><strong>Comunicazione dei dati<\/strong><\/h4>\n<p>I dati possono essere comunicati a tutti i soggetti (Uffici, Enti ed Organi della Pubblica Amministrazione, Aziende o Istituzioni) che, secondo le norme, sono tenuti a conoscerli o possono conoscerli.<\/p>\n<p>In caso di dati particolari e\/o dati relativi a condanne penali e reati la comunicazione avviene ai soggetti e nelle forme indicati nel regolamento per il trattamento dei dati sensibili e giudiziari, di cui al Provvedimento del Garante per la protezione dei dati personali del 30.05.2005.<\/p>\n<p>Infine, i dati possono essere eventualmente comunicati a consulenti, assicuratori o altri prestatori di servizio, per trattamenti connessi alle sopra indicate finalit\u00e0.<\/p>\n<p>La comunicazione dei dati alle categorie di soggetti sopra indicati non necessita del consenso degli Interessati.<\/p>\n<p>\u00a0<\/p>\n<h4><strong>Conoscenza dei dati<\/strong><\/h4>\n<p>I dati potranno essere conosciuti dal titolare, dai responsabili del trattamento, dal responsabile della protezione dei dati personali, dagli incaricati del trattamento dei dati personali e dagli amministratori di sistema di questa Societ\u00e0.<\/p>\n<p>\u00a0<\/p>\n<h4><strong>Durata temporale dei trattamenti e della conservazione dei dati personali<\/strong><\/h4>\n<p>I trattamenti di cui alla presente informativa avranno la durata strettamente necessaria agli adempimenti imposti al titolare dalle leggi nazionali e\/o sovranazionali, nonch\u00e9 dalle leggi dei Paesi in cui i dati saranno eventualmente trasferiti.<\/p>\n<p>\u00a0<\/p>\n<h4><strong>Titolare e Responsabile della Protezione dei dati personali<\/strong><\/h4>\n<p>Titolare del trattamento \u00e8 Emporium Societ\u00e0 Cooperativa, con sede in 39100 Bolzano (BZ), via Innsbruck 23.<br \/>E-mail: info@emporium.bz.it ;<\/p>\n<p>Responsabile della Protezione dei dati personali \u00e8 l\u2019avv. Paolo Recla, domiciliato per la carica presso la sede di questa Societ\u00e0. <br \/>PEC: paolorecla.dpo@legalmail.it<\/p>\n<h4>\u00a0<\/h4>\n<h4><strong>Diritti degli interessati<\/strong><\/h4>\n<p>Informiamo, infine, che gli artt. da 15 a 22 del Regolamento UE conferiscono agli interessati l&#8217;esercizio di specifici diritti. In particolare, gli interessati potranno ottenere dal Titolare, in ordine ai propri dati personali: il diritto di proporre reclamo ad una Autorit\u00e0 di controllo (art. 13, comma 2, lett. d); l\u2019accesso (art. 15); la rettifica (art. 16); la cancellazione \u2013 oblio &#8211; (art. 17); la limitazione al trattamento (art. 18); la notifica in caso di rettifica, cancellazione o limitazione (art. 19); la portabilit\u00e0 (art. 20); diritto di opposizione (art. 21) e la non sottoposizione a processi decisionali automatizzati e profilazione (art. 22).<\/p>\n<p>\u00a0<\/p>\n<hr \/>\n<p>Privacy <strong>sito web<\/strong>: <a href=\"https:\/\/www.emporium.bz.it\/de\/wp-content\/uploads\/sites\/2\/2025\/05\/1-emporium-informativaweb-1.pdf\" target=\"_blank\" rel=\"noopener\">documento PDF<\/a><\/p>\n<p>Privacy <strong>Cookie<\/strong>: <a href=\"https:\/\/www.safog.com\/privacy\/privacy.php?id=000612c6fc51&amp;lang=it\" target=\"_blank\" rel=\"noopener\" data-wplink-edit=\"true\">Regolamento cookie<\/a><\/p>\n<p>Privacy <strong>fornitori<\/strong>: <a href=\"https:\/\/www.emporium.bz.it\/de\/wp-content\/uploads\/sites\/2\/2025\/05\/4-emporium-informativafornitori.pdf\" target=\"_blank\" rel=\"noopener\">documento PDF<\/a><\/p>\n<p>Privacy <strong>soci\/clienti<\/strong>: <a href=\"https:\/\/www.emporium.bz.it\/de\/wp-content\/uploads\/sites\/2\/2025\/05\/3-emporium-informativa-clientisoci.pdf\" target=\"_blank\" rel=\"noopener\">documento PDF<\/a><\/p>\n\n\n<p><\/p>\n","protected":false},"excerpt":{"rendered":"<p>lnformativa ai sensi degli artt. 12, 13 e 14 del Regolamento UE 2016\/679 Ai sensi e per gli effetti del Regolamento in oggetto, dettato in materia di \u201cprotezione delle persone fisiche con riguardo al trattamento dei dati personali&#8221;, Emporium Societ\u00e0 Cooperativa, in qualit\u00e0 di titolare del trattamento (di seguito \u201cSociet\u00e0\u201d o \u201cTitolare\u201d), \u00e8 tenuto a &hellip; <a href=\"https:\/\/www.emporium.bz.it\/it\/privacy\/\" class=\"continue\">Continua a leggere<\/a><\/p>\n","protected":false},"author":2,"featured_media":0,"parent":0,"menu_order":0,"comment_status":"closed","ping_status":"closed","template":"","meta":[],"_links":{"self":[{"href":"https:\/\/www.emporium.bz.it\/it\/wp-json\/wp\/v2\/pages\/3466"}],"collection":[{"href":"https:\/\/www.emporium.bz.it\/it\/wp-json\/wp\/v2\/pages"}],"about":[{"href":"https:\/\/www.emporium.bz.it\/it\/wp-json\/wp\/v2\/types\/page"}],"author":[{"embeddable":true,"href":"https:\/\/www.emporium.bz.it\/it\/wp-json\/wp\/v2\/users\/2"}],"replies":[{"embeddable":true,"href":"https:\/\/www.emporium.bz.it\/it\/wp-json\/wp\/v2\/comments?post=3466"}],"version-history":[{"count":6,"href":"https:\/\/www.emporium.bz.it\/it\/wp-json\/wp\/v2\/pages\/3466\/revisions"}],"predecessor-version":[{"id":3506,"href":"https:\/\/www.emporium.bz.it\/it\/wp-json\/wp\/v2\/pages\/3466\/revisions\/3506"}],"wp:attachment":[{"href":"https:\/\/www.emporium.bz.it\/it\/wp-json\/wp\/v2\/media?parent=3466"}],"curies":[{"name":"wp","href":"https:\/\/api.w.org\/{rel}","templated":true}]}}