{"id":36,"date":"2013-06-28T15:42:22","date_gmt":"2013-06-28T13:42:22","guid":{"rendered":"http:\/\/www.emporium.bz.it\/it\/?page_id=36"},"modified":"2023-04-25T11:26:28","modified_gmt":"2023-04-25T09:26:28","slug":"credits","status":"publish","type":"page","link":"https:\/\/www.emporium.bz.it\/it\/credits\/","title":{"rendered":"Credits"},"content":{"rendered":"<div class=\"col-half alignleft\">\n<h3>Responsabile del contenuto<\/h3>\n<div class=\"credits-colum1\"><img decoding=\"async\" loading=\"lazy\" title=\"Emporium\" src=\"https:\/\/www.emporium.bz.it\/it\/wp-content\/themes\/dreizehnfuenf\/design\/logo_emporium_small.png\" alt=\"Emporium\" width=\"140\" height=\"37\"><\/div>\n<div class=\"credits-colum2\">\n<p><b>Cooperativa Emporium<br \/>\nImpresa Sociale<\/b><br \/>\nVia Innsbruck 23<br \/>\nI-39100 Bolzano (BZ)<br \/>\nItalia<\/p>\n<p>Tel.: +39 0471 170 1565<br \/>\nFax: +39 0471 170 1569<\/p>\n<p><script type=\"text\/javascript\">\n<!--\n \n\t\t\tHideEA( 'info', '', '', 'emporium.bz.it' );\n\n\t\t\t\/\/-->\n\n          <\/script><br \/>\n<a href=\"https:\/\/emporium.bz.it\/\">emporium.bz.it<\/a><\/p>\n<p>Iscrizione al Registro della Camera di Commercio di Bolzano<br \/>\n<b>Partita IVA:<\/b>&nbsp;IT 02607440217<\/p>\n<\/div>\n<\/div>\n<div class=\"col-half alignright\">\n<h3>Concetto, Web-Design,<br \/>\nProgrammazione e Hosting<\/h3>\n<div class=\"credits-colum1\"><img decoding=\"async\" loading=\"lazy\" class=\"alignnone size-full wp-image-2826\" src=\"https:\/\/www.emporium.bz.it\/it\/wp-content\/uploads\/sites\/3\/2023\/04\/safog_logo_kl.png\" alt=\"\" width=\"140\" height=\"56\"><\/div>\n<div class=\"credits-colum2\"><b>Safog.com<\/b><br \/>\nVia S. Albuino 7<br \/>\nI-39042 Bressanone (BZ)<br \/>\nItalia<\/p>\n<p>Tel.: +39 0472 51 85 42<br \/>\nFax: +39 0472 51 85 42<\/p>\n<p><script type=\"text\/javascript\">\n<!--\n \n\t\t\tHideEA( 'info', '', '', 'safog.com' );\n\n\t\t\t\/\/-->\n\n          <\/script><br \/>\n<a href=\"http:\/\/www.safog.com\/\">www.safog.com<\/a>&nbsp;<\/p>\n<\/div>\n<\/div>\n<div class=\"credits-colum-indented\">\n<h4>Nota di responsabilit\u00e1<\/h4>\n<p>Nonostante siano stati effettuati accurati controlli sul contenuto dei siti esterni qui linkati, i gestori di questo sito non rispondono in alcun modo degli stessi. Per il contenuto dei suddetti siti sono responsabili esclusivamente i loro gestori.<\/p>\n<h4>Privacy<\/h4>\n<p>I Suoi dati personali verranno trattati ai sensi dell art. 13 del Codice privacy (D.lgs. 196\/03).<br \/>\nLa informiamo che i dati acquisiti informaticamente verranno utilizzati esclusivamente per la trattazione della richiesta effettuata dal cliente e per fornire un servizio concernente offerte commerciali o promozionali ed informazioni turistiche di carattere generale.<\/p>\n<p>Ai sensi dell&#8217;art. 7 del predetto decreto Le forniremo gratuitamente infomazioni riguardanti i Suoi dati personali memorizzati e potr\u00e0 eventualmente chiederne la modifica, l&#8217;integrazione o la cancellazione degli stessi. In tal caso La preghiamo di rivolgersi al responsabile del trattamento dei dati all&#8217;indirizzo email&nbsp;<script type=\"text\/javascript\">\n<!--\n \n\t\t\tHideEA( 'info', '', '', 'emporium.bz.it' );\n\n\t\t\t\/\/-->\n\n          <\/script>&nbsp;oppure al seguente indirizzo postale:<\/p>\n<p><b>Cooperativa Emporium<br \/>\nImpresa Sociale<\/b><br \/>\nVia Innsbruck 23<br \/>\nI-39100 Bolzano (BZ)<br \/>\nItalia<\/p>\n<p>Tel.: +39 0471 170 1565<br \/>\nFax: +39 0471 170 1569<\/p>\n<h4>Google Analytics<\/h4>\n<p>Questo sito web utilizza Google Analytics, un servizio di analisi web fornito da Google, Inc. (\u00bbGoogle\u00ab). Google Analytics utilizza dei \u00bbcookies\u00ab, che sono file di testo che vengono depositati sul Vostro computer per consentire al sito web di analizzare come gli utenti utilizzano il sito. Le informazioni generate dal cookie sull&#8217;utilizzo del sito web da parte Vostra (compreso il Vostro indirizzo IP) verranno trasmesse a, e depositate presso i server di Google negli Stati Uniti.<\/p>\n<p>Google utilizzer\u00e0 queste informazioni allo scopo di tracciare e esaminare il Vostro utilizzo del sito web, compilare report sulle attivit\u00e0 del sito web per gli operatori del sito web e fornire altri servizi relativi alle attivit\u00e1 del sito web e all&#8217;utilizzo di Internet. Google pu\u00f2 anche trasferire queste informazioni a terzi ove ci\u00f2 sia imposto dalla legge o laddove tali terzi trattino le suddette informazioni per conto di Google. Google non assocer\u00e0 il vostro indirizzo IP a nessun altro dato posseduto da Google. Potete rifiutarvi di usare i cookies selezionando l&#8217;impostazione appropriata sul vostro browser, ma ci\u00f2 potrebbe impedirvi di utilizzare tutte le funzionalit\u00e1 di questo sito web.<\/p>\n<p>Utilizzando il presente sito web, voi acconsentite al trattamento dei Vostri dati da parte di Google per le modalit\u00e0 e i fini sopraindicati.<\/p>\n<h4>Diritti d&#8217;autore<\/h4>\n<p>I testi, le immagini, gli Scripts ed ogni altro contenuto del presente sito sono coperti dai diritti d&#8217;autore. Pertanto senza la preventiva autorizzazione gli stessi non potranno essere riprodotti, divulgati o salvati n\u00e9 integralmente, n\u00e9 parzialmente.<\/p>\n<\/div>\n","protected":false},"excerpt":{"rendered":"<p>Responsabile del contenuto Cooperativa Emporium Impresa Sociale Via Innsbruck 23 I-39100 Bolzano (BZ) Italia Tel.: +39 0471 170 1565 Fax: +39 0471 170 1569 emporium.bz.it Iscrizione al Registro della Camera di Commercio di Bolzano Partita IVA:&nbsp;IT 02607440217 Concetto, Web-Design, Programmazione e Hosting Safog.com Via S. Albuino 7 I-39042 Bressanone (BZ) Italia Tel.: +39 0472 51 &hellip; <a href=\"https:\/\/www.emporium.bz.it\/it\/credits\/\" class=\"continue\">Continua a leggere<\/a><\/p>\n","protected":false},"author":1,"featured_media":0,"parent":0,"menu_order":9,"comment_status":"closed","ping_status":"closed","template":"","meta":[],"_links":{"self":[{"href":"https:\/\/www.emporium.bz.it\/it\/wp-json\/wp\/v2\/pages\/36"}],"collection":[{"href":"https:\/\/www.emporium.bz.it\/it\/wp-json\/wp\/v2\/pages"}],"about":[{"href":"https:\/\/www.emporium.bz.it\/it\/wp-json\/wp\/v2\/types\/page"}],"author":[{"embeddable":true,"href":"https:\/\/www.emporium.bz.it\/it\/wp-json\/wp\/v2\/users\/1"}],"replies":[{"embeddable":true,"href":"https:\/\/www.emporium.bz.it\/it\/wp-json\/wp\/v2\/comments?post=36"}],"version-history":[{"count":4,"href":"https:\/\/www.emporium.bz.it\/it\/wp-json\/wp\/v2\/pages\/36\/revisions"}],"predecessor-version":[{"id":2831,"href":"https:\/\/www.emporium.bz.it\/it\/wp-json\/wp\/v2\/pages\/36\/revisions\/2831"}],"wp:attachment":[{"href":"https:\/\/www.emporium.bz.it\/it\/wp-json\/wp\/v2\/media?parent=36"}],"curies":[{"name":"wp","href":"https:\/\/api.w.org\/{rel}","templated":true}]}}