{"id":476,"date":"2017-02-21T19:51:10","date_gmt":"2017-02-21T17:51:10","guid":{"rendered":"http:\/\/www.emporium.bz.it\/it\/?page_id=476"},"modified":"2025-05-08T10:57:22","modified_gmt":"2025-05-08T08:57:22","slug":"organi-di-revisione-amministrativa-e-contabile","status":"publish","type":"page","link":"https:\/\/www.emporium.bz.it\/it\/controlli-e-rilievi-sullamministrazione\/organi-di-revisione-amministrativa-e-contabile\/","title":{"rendered":"Organi di revisione amministrativa e contabile"},"content":{"rendered":"<p><a href=\"https:\/\/www.emporium.bz.it\/it\/wp-content\/uploads\/sites\/3\/2025\/05\/24_Emporium_Relazione-della-societa-di-revisione-indipendente.pdf\">Relazione societ\u00e0 di revisione indipendente<\/a> &#8211; 2025 (anno di riferimento 2024)<\/p>\n<p><a href=\"https:\/\/www.emporium.bz.it\/it\/wp-content\/uploads\/sites\/3\/2025\/01\/2024-Bericht-der-unabhangigen-Wirtschaftsprufungsgesellschaft-31.12.2023-1.pdf\">Relazione societ\u00e0 di revisione indipendente<\/a> &#8211; 2024 (anno di riferimento 2023)<\/p>\n<p><a href=\"https:\/\/www.emporium.bz.it\/it\/wp-content\/uploads\/sites\/3\/2023\/05\/Bericht-der-unabhangigen-Wirtschaftsprufungsgesellschaft_Emporium-31.12.2022.pdf\">Relazione societ\u00e0 di revisione indipendente<\/a> &#8211; 2023 (anno di riferimento 2022)<\/p>\n<p><a href=\"https:\/\/www.emporium.bz.it\/it\/wp-content\/uploads\/sites\/3\/2022\/11\/Bericht-der-unabh\u00e4ngigen-Wirtschaftspr\u00fcfungsgesellschaft-2021.pdf\">Relazione societ\u00e0 di revisione indipendente<\/a>\u00a0&#8211; 2022\u00a0(anno di riferimento 2021)<\/p>\n<p><a href=\"https:\/\/www.emporium.bz.it\/it\/wp-content\/uploads\/sites\/3\/2022\/11\/Bericht-der-unabh\u00e4ngigen-Wirtschaftspr\u00fcfungsgesellschaft-Emporium-2020.pdf\">Relazione societ\u00e0 di revisione indipendente<\/a>\u00a0&#8211; 2021\u00a0(anno di riferimento 2020)<\/p>\n<p><a href=\"https:\/\/www.emporium.bz.it\/it\/wp-content\/uploads\/sites\/3\/2021\/03\/Bericht-der-unabh\u00e4ngigen-Wirtschaftspr\u00fcfungsgesellschaft-Emporium-Genossenschaft-2019.pdf\">Relazione societ\u00e0 di revisione indipendente<\/a>\u00a0&#8211; 2020\u00a0(anno di riferimento 2019)<\/p>\n<p><a href=\"https:\/\/www.emporium.bz.it\/it\/wp-content\/uploads\/sites\/3\/2021\/03\/Bericht-des-unabh\u00e4ngigen-Wirtschaftspr\u00fcfungsgesellschaft-Emporium-Genossenschaft-2018.pdf\">Relazione societ\u00e0 di revisione indipendente<\/a>\u00a0&#8211; 2019 (anno di riferimento 2018)<\/p>\n<p>Non \u00e8 stata redatta alcuna relazione per l&#8217;anno 2018 (anno di riferimento 2017) in quanto Emporium non era tenuta per legge a effettuare questo tipo di controllo.<\/p>\n<p><a href=\"https:\/\/www.emporium.bz.it\/it\/wp-content\/uploads\/sites\/3\/2021\/03\/Bericht-Revisionsgesellschaft-BI-31-12-2016.pdf\">Relazione societ\u00e0 di revisione indipendente<\/a>\u00a0&#8211; 2017\u00a0(anno di riferimento 2016)<\/p>\n<hr \/>\n<p>ultimo aggiornamento: 08\/05\/2025<\/p>\n","protected":false},"excerpt":{"rendered":"<p>Relazione societ\u00e0 di revisione indipendente &#8211; 2025 (anno di riferimento 2024) Relazione societ\u00e0 di revisione indipendente &#8211; 2024 (anno di riferimento 2023) Relazione societ\u00e0 di revisione indipendente &#8211; 2023 (anno di riferimento 2022) Relazione societ\u00e0 di revisione indipendente\u00a0&#8211; 2022\u00a0(anno di riferimento 2021) Relazione societ\u00e0 di revisione indipendente\u00a0&#8211; 2021\u00a0(anno di riferimento 2020) Relazione societ\u00e0 di revisione &hellip; <a href=\"https:\/\/www.emporium.bz.it\/it\/controlli-e-rilievi-sullamministrazione\/organi-di-revisione-amministrativa-e-contabile\/\" class=\"continue\">Continua a leggere<\/a><\/p>\n","protected":false},"author":1,"featured_media":0,"parent":473,"menu_order":0,"comment_status":"closed","ping_status":"open","template":"","meta":[],"_links":{"self":[{"href":"https:\/\/www.emporium.bz.it\/it\/wp-json\/wp\/v2\/pages\/476"}],"collection":[{"href":"https:\/\/www.emporium.bz.it\/it\/wp-json\/wp\/v2\/pages"}],"about":[{"href":"https:\/\/www.emporium.bz.it\/it\/wp-json\/wp\/v2\/types\/page"}],"author":[{"embeddable":true,"href":"https:\/\/www.emporium.bz.it\/it\/wp-json\/wp\/v2\/users\/1"}],"replies":[{"embeddable":true,"href":"https:\/\/www.emporium.bz.it\/it\/wp-json\/wp\/v2\/comments?post=476"}],"version-history":[{"count":4,"href":"https:\/\/www.emporium.bz.it\/it\/wp-json\/wp\/v2\/pages\/476\/revisions"}],"predecessor-version":[{"id":3457,"href":"https:\/\/www.emporium.bz.it\/it\/wp-json\/wp\/v2\/pages\/476\/revisions\/3457"}],"up":[{"embeddable":true,"href":"https:\/\/www.emporium.bz.it\/it\/wp-json\/wp\/v2\/pages\/473"}],"wp:attachment":[{"href":"https:\/\/www.emporium.bz.it\/it\/wp-json\/wp\/v2\/media?parent=476"}],"curies":[{"name":"wp","href":"https:\/\/api.w.org\/{rel}","templated":true}]}}