{"id":481,"date":"2017-02-21T19:51:57","date_gmt":"2017-02-21T17:51:57","guid":{"rendered":"http:\/\/www.emporium.bz.it\/it\/?page_id=481"},"modified":"2026-04-02T09:19:40","modified_gmt":"2026-04-02T07:19:40","slug":"carta-dei-servizi-e-standard-di-qualita","status":"publish","type":"page","link":"https:\/\/www.emporium.bz.it\/it\/servizi-erogati\/carta-dei-servizi-e-standard-di-qualita\/","title":{"rendered":"Carta dei servizi e standard di qualit\u00e0"},"content":{"rendered":"<p>Attualmente non risultano Carta dei servizi e Standard di qualit\u00e0 nei confronti di Emporium Societ\u00e0 Cooperativa.<del><\/del><\/p>\n<hr \/>\n<p>ultimo aggiornamento: 02\/04\/2026<\/p>\n","protected":false},"excerpt":{"rendered":"<p>Attualmente non risultano Carta dei servizi e Standard di qualit\u00e0 nei confronti di Emporium Societ\u00e0 Cooperativa. ultimo aggiornamento: 02\/04\/2026<\/p>\n","protected":false},"author":1,"featured_media":0,"parent":479,"menu_order":0,"comment_status":"closed","ping_status":"open","template":"","meta":[],"_links":{"self":[{"href":"https:\/\/www.emporium.bz.it\/it\/wp-json\/wp\/v2\/pages\/481"}],"collection":[{"href":"https:\/\/www.emporium.bz.it\/it\/wp-json\/wp\/v2\/pages"}],"about":[{"href":"https:\/\/www.emporium.bz.it\/it\/wp-json\/wp\/v2\/types\/page"}],"author":[{"embeddable":true,"href":"https:\/\/www.emporium.bz.it\/it\/wp-json\/wp\/v2\/users\/1"}],"replies":[{"embeddable":true,"href":"https:\/\/www.emporium.bz.it\/it\/wp-json\/wp\/v2\/comments?post=481"}],"version-history":[{"count":4,"href":"https:\/\/www.emporium.bz.it\/it\/wp-json\/wp\/v2\/pages\/481\/revisions"}],"predecessor-version":[{"id":3763,"href":"https:\/\/www.emporium.bz.it\/it\/wp-json\/wp\/v2\/pages\/481\/revisions\/3763"}],"up":[{"embeddable":true,"href":"https:\/\/www.emporium.bz.it\/it\/wp-json\/wp\/v2\/pages\/479"}],"wp:attachment":[{"href":"https:\/\/www.emporium.bz.it\/it\/wp-json\/wp\/v2\/media?parent=481"}],"curies":[{"name":"wp","href":"https:\/\/api.w.org\/{rel}","templated":true}]}}